{"id":792,"date":"2017-08-21T23:56:17","date_gmt":"2017-08-21T21:56:17","guid":{"rendered":"http:\/\/xn--kastanienhof-dresden-bhlau-k0c.de\/?page_id=792"},"modified":"2023-10-09T11:13:05","modified_gmt":"2023-10-09T10:13:05","slug":"kontakt","status":"publish","type":"page","link":"https:\/\/kastanienhof-dresden-b\u00fchlau.de\/?page_id=792","title":{"rendered":"Kontakt"},"content":{"rendered":"<div id=\"pl-792\" class=\"panel-layout\">\n<div id=\"pg-792-0\" class=\"panel-grid panel-has-style\" data-style=\"{&quot;padding&quot;:&quot;0px&quot;,&quot;cell_alignment&quot;:&quot;flex-start&quot;,&quot;align&quot;:&quot;&quot;,&quot;overlay&quot;:&quot;&quot;,&quot;overlay_color&quot;:&quot;#000000&quot;}\">\n<div class=\"panel-row-style panel-row-style-for-792-0\" style=\"padding: 0px 0;\" data-overlay=\"true\" data-overlay-color=\"#000000\">\n<div id=\"pgc-792-0-0\" class=\"panel-grid-cell\" data-weight=\"0.5\">\n<div id=\"panel-792-0-0-0\" class=\"so-panel widget widget_sow-editor panel-first-child panel-last-child\" data-index=\"0\" data-style=\"{&quot;background_image_attachment&quot;:false,&quot;background_display&quot;:&quot;tile&quot;,&quot;content_alignment&quot;:&quot;left&quot;,&quot;title_color&quot;:&quot;#443f3f&quot;,&quot;headings_color&quot;:&quot;#443f3f&quot;}\">\n<div class=\"panel-widget-style panel-widget-style-for-792-0-0-0\" style=\"text-align: left;\" data-title-color=\"#443f3f\" data-headings-color=\"#443f3f\">\n<div class=\"so-widget-sow-editor so-widget-sow-editor-base\">\n<div class=\"siteorigin-widget-tinymce textwidget\">\n<h6>Kastanienhof Dresden B\u00fchlau<\/h6>\n<p><em>Birgit und Wolfram Ehnert<\/em><\/p>\n<p><strong>Adresse:<\/strong><br \/>\nQuohrener Stra\u00dfe 17<br \/>\n01324 Dresden<br \/>\nDeutschland<\/p>\n<p><strong>Telefon:<\/strong><br \/>\n+49 351 269 89 0<br \/>\n+49 172 841 20 83<\/p>\n<p><strong>E-Mail:<\/strong><br \/>\n<a href=\"mailto:info@kastanienhof-dresden-b\u00fchlau.de\">info@kastanienhof-dresden-b\u00fchlau.de<\/a><\/p>\n<\/div>\n<\/div>\n<\/div>\n<\/div>\n<\/div>\n<div id=\"pgc-792-0-1\" class=\"panel-grid-cell\" data-weight=\"0.5\">\n<div id=\"panel-792-0-1-0\" class=\"so-panel widget widget_sow-google-map panel-first-child panel-last-child\" data-index=\"1\" data-style=\"{&quot;background_image_attachment&quot;:false,&quot;background_display&quot;:&quot;tile&quot;,&quot;content_alignment&quot;:&quot;left&quot;,&quot;title_color&quot;:&quot;#443f3f&quot;,&quot;headings_color&quot;:&quot;#443f3f&quot;}\">\n<div class=\"panel-widget-style panel-widget-style-for-792-0-1-0\" style=\"text-align: left;\" data-title-color=\"#443f3f\" data-headings-color=\"#443f3f\"><\/div>\n<\/div>\n<\/div>\n<\/div>\n<\/div>\n<\/div>\n","protected":false},"excerpt":{"rendered":"<p>Kastanienhof Dresden B\u00fchlau Birgit und Wolfram Ehnert Adresse: Quohrener Stra\u00dfe 17 01324 Dresden Deutschland Telefon: +49 351 269 89 0 +49 172 841 20 83 E-Mail: info@kastanienhof-dresden-b\u00fchlau.de<\/p>\n","protected":false},"author":1,"featured_media":0,"parent":0,"menu_order":0,"comment_status":"closed","ping_status":"closed","template":"page-templates\/page_fullwidth.php","meta":{"footnotes":""},"aioseo_notices":[],"_links":{"self":[{"href":"https:\/\/kastanienhof-dresden-b\u00fchlau.de\/index.php?rest_route=\/wp\/v2\/pages\/792"}],"collection":[{"href":"https:\/\/kastanienhof-dresden-b\u00fchlau.de\/index.php?rest_route=\/wp\/v2\/pages"}],"about":[{"href":"https:\/\/kastanienhof-dresden-b\u00fchlau.de\/index.php?rest_route=\/wp\/v2\/types\/page"}],"author":[{"embeddable":true,"href":"https:\/\/kastanienhof-dresden-b\u00fchlau.de\/index.php?rest_route=\/wp\/v2\/users\/1"}],"replies":[{"embeddable":true,"href":"https:\/\/kastanienhof-dresden-b\u00fchlau.de\/index.php?rest_route=%2Fwp%2Fv2%2Fcomments&post=792"}],"version-history":[{"count":23,"href":"https:\/\/kastanienhof-dresden-b\u00fchlau.de\/index.php?rest_route=\/wp\/v2\/pages\/792\/revisions"}],"predecessor-version":[{"id":950,"href":"https:\/\/kastanienhof-dresden-b\u00fchlau.de\/index.php?rest_route=\/wp\/v2\/pages\/792\/revisions\/950"}],"wp:attachment":[{"href":"https:\/\/kastanienhof-dresden-b\u00fchlau.de\/index.php?rest_route=%2Fwp%2Fv2%2Fmedia&parent=792"}],"curies":[{"name":"wp","href":"https:\/\/api.w.org\/{rel}","templated":true}]}}